{"id":3,"date":"2021-12-28T02:38:23","date_gmt":"2021-12-28T02:38:23","guid":{"rendered":"http:\/\/sandingwoodfloor.com\/?page_id=3"},"modified":"2025-05-24T07:50:55","modified_gmt":"2025-05-24T12:50:55","slug":"privacy-policy","status":"publish","type":"page","link":"https:\/\/sandingwoodfloor.com\/pl\/privacy-policy\/","title":{"rendered":"Polityka prywatno\u015bci"},"content":{"rendered":"<h2 class=\"wp-block-heading\">Kim jeste\u015bmy<\/h2><p><strong class=\"privacy-policy-tutorial\">Proponowany tekst: <\/strong>Adres naszej strony internetowej to: http:\/\/sandingwoodfloor.com.<\/p><h2 class=\"wp-block-heading\">Uwagi<\/h2><p><strong class=\"privacy-policy-tutorial\">Proponowany tekst: <\/strong>Kiedy odwiedzaj\u0105cy witryn\u0119 zostawiaj\u0105 komentarze, zbieramy dane widoczne w formularzu komentowania, jak i adres IP odwiedzaj\u0105cego oraz ci\u0105g agenta u\u017cytkownika jego przegl\u0105darki jako pomoc przy wykrywaniu spamu.<\/p><p>Anonimizowany ci\u0105g utworzony z Twojego adresu e-mail (nazywany r\u00f3wnie\u017c hashem) mo\u017ce zosta\u0107 dostarczony do us\u0142ugi Gravatar, aby sprawdzi\u0107, czy jej u\u017cywasz. Polityka prywatno\u015bci us\u0142ugi Gravatar jest dost\u0119pna tutaj: https:\/\/automattic.com\/privacy\/. Po zatwierdzeniu Twojego komentarza, Twoje zdj\u0119cie profilowe jest widoczne publicznie w kontek\u015bcie Twojego komentarza.<\/p><h2 class=\"wp-block-heading\">G\u0142oska bezd\u017awi\u0119czna<\/h2><p><strong class=\"privacy-policy-tutorial\">Proponowany tekst: <\/strong>Je\u015bli przesy\u0142asz obrazy na stron\u0119 internetow\u0105, powiniene\u015b unika\u0107 przesy\u0142ania obraz\u00f3w z osadzonymi danymi lokalizacji (EXIF GPS). Odwiedzaj\u0105cy stron\u0119 internetow\u0105 mog\u0105 pobra\u0107 i wyodr\u0119bni\u0107 wszelkie dane lokalizacji z obraz\u00f3w na stronie internetowej.<\/p><h2 class=\"wp-block-heading\">Ciastka<\/h2><p><strong class=\"privacy-policy-tutorial\">Proponowany tekst: <\/strong>Je\u015bli zostawisz komentarz na naszej stronie, mo\u017cesz wyrazi\u0107 zgod\u0119 na zapisanie swojego imienia, adresu e-mail i witryny w plikach cookie. S\u0105 one dla Twojej wygody, aby\u015b nie musia\u0142 ponownie wype\u0142nia\u0107 swoich danych, gdy zostawisz kolejny komentarz. Te pliki cookie b\u0119d\u0105 wa\u017cne przez rok.<\/p><p>Je\u015bli odwiedzisz nasz\u0105 stron\u0119 logowania, ustawimy tymczasowy plik cookie, aby ustali\u0107, czy Twoja przegl\u0105darka akceptuje pliki cookie. Ten plik cookie nie zawiera \u017cadnych danych osobowych i jest usuwany po zamkni\u0119ciu przegl\u0105darki.<\/p><p>Gdy si\u0119 zalogujesz, skonfigurujemy r\u00f3wnie\u017c kilka plik\u00f3w cookie, aby zapisa\u0107 Twoje dane logowania i wybrane opcje wy\u015bwietlania ekranu. Pliki cookie logowania s\u0105 wa\u017cne przez dwa dni, a pliki cookie opcji ekranu s\u0105 wa\u017cne przez rok. Je\u015bli wybierzesz opcj\u0119 \u201eZapami\u0119taj mnie\u201d, Twoje logowanie b\u0119dzie trwa\u0142o dwa tygodnie. Je\u015bli wylogujesz si\u0119 ze swojego konta, pliki cookie logowania zostan\u0105 usuni\u0119te.<\/p><p>Je\u015bli edytujesz lub publikujesz artyku\u0142, dodatkowy plik cookie zostanie zapisany w Twojej przegl\u0105darce. Ten plik cookie nie zawiera \u017cadnych danych osobowych i po prostu wskazuje identyfikator posta artyku\u0142u, kt\u00f3ry w\u0142a\u015bnie edytowa\u0142e\u015b. Wygasa po 1 dniu.<\/p><h2 class=\"wp-block-heading\">Osadzone tre\u015bci z innych witryn internetowych<\/h2><p><strong class=\"privacy-policy-tutorial\">Proponowany tekst: <\/strong>Artyku\u0142y na tej stronie mog\u0105 zawiera\u0107 osadzone tre\u015bci (np. filmy, obrazy, artyku\u0142y itp.). Osadzone tre\u015bci z innych stron internetowych zachowuj\u0105 si\u0119 dok\u0142adnie tak samo, jakby odwiedzaj\u0105cy odwiedzi\u0142 inn\u0105 stron\u0119 internetow\u0105.<\/p><p>Te witryny mog\u0105 zbiera\u0107 dane o Tobie, u\u017cywa\u0107 plik\u00f3w cookie, osadza\u0107 dodatkowe narz\u0119dzia \u015bledzenia stron trzecich i monitorowa\u0107 Twoj\u0105 interakcj\u0119 z osadzon\u0105 tre\u015bci\u0105, w tym \u015bledzi\u0107 Twoj\u0105 interakcj\u0119 z osadzon\u0105 tre\u015bci\u0105, je\u015bli masz konto i jeste\u015b zalogowany w tej witrynie.<\/p><h2 class=\"wp-block-heading\">Z kim dzielimy si\u0119 Twoimi danymi<\/h2><p><strong class=\"privacy-policy-tutorial\">Proponowany tekst: <\/strong>Je\u015bli poprosisz o zresetowanie has\u0142a, Tw\u00f3j adres IP zostanie uwzgl\u0119dniony w wiadomo\u015bci e-mail z resetem has\u0142a.<\/p><h2 class=\"wp-block-heading\">Jak d\u0142ugo przechowujemy Twoje dane<\/h2><p><strong class=\"privacy-policy-tutorial\">Proponowany tekst: <\/strong>Je\u015bli zostawisz komentarz, komentarz i jego metadane zostan\u0105 zachowane na czas nieokre\u015blony. Dzi\u0119ki temu mo\u017cemy automatycznie rozpoznawa\u0107 i zatwierdza\u0107 wszelkie komentarze uzupe\u0142niaj\u0105ce zamiast trzyma\u0107 je w kolejce moderacji.<\/p><p>W przypadku u\u017cytkownik\u00f3w, kt\u00f3rzy rejestruj\u0105 si\u0119 na naszej stronie internetowej (je\u015bli tacy s\u0105), przechowujemy r\u00f3wnie\u017c dane osobowe, kt\u00f3re podaj\u0105 w swoim profilu u\u017cytkownika. Wszyscy u\u017cytkownicy mog\u0105 zobaczy\u0107, edytowa\u0107 lub usun\u0105\u0107 swoje dane osobowe w dowolnym momencie (z wyj\u0105tkiem tego, \u017ce nie mog\u0105 zmieni\u0107 swojej nazwy u\u017cytkownika). Administratorzy strony internetowej mog\u0105 r\u00f3wnie\u017c zobaczy\u0107 i edytowa\u0107 te informacje.<\/p><h2 class=\"wp-block-heading\">Jakie prawa masz do swoich danych<\/h2><p><strong class=\"privacy-policy-tutorial\">Proponowany tekst: <\/strong>Je\u015bli masz konto na tej stronie lub zostawi\u0142e\u015b komentarze, mo\u017cesz poprosi\u0107 o otrzymanie wyeksportowanego pliku danych osobowych, kt\u00f3re o Tobie posiadamy, w tym wszelkich danych, kt\u00f3re nam przekaza\u0142e\u015b. Mo\u017cesz r\u00f3wnie\u017c poprosi\u0107 o usuni\u0119cie wszelkich danych osobowych, kt\u00f3re o Tobie posiadamy. Nie obejmuje to \u017cadnych danych, kt\u00f3re jeste\u015bmy zobowi\u0105zani przechowywa\u0107 w celach administracyjnych, prawnych lub bezpiecze\u0144stwa.<\/p><h2 class=\"wp-block-heading\">Gdzie wysy\u0142amy Twoje dane<\/h2><p><strong class=\"privacy-policy-tutorial\">Proponowany tekst: <\/strong>Komentarze go\u015bci mog\u0105 by\u0107 sprawdzane za pomoc\u0105 automatycznej us\u0142ugi wykrywania spamu.<\/p><script","protected":false},"excerpt":{"rendered":"<p>Who we are Suggested text: Our website address is: http:\/\/sandingwoodfloor.com. Comments Suggested text: When visitors leave comments on the site we collect the data shown in the comments form, and also the visitor&#8217;s IP address and browser user agent string to help spam detection. An anonymized string created from your email address (also called a<br \/><a class=\"moretag\" href=\"https:\/\/sandingwoodfloor.com\/pl\/privacy-policy\/\">+ Read More<\/a><\/p>","protected":false},"author":2,"featured_media":0,"parent":0,"menu_order":0,"comment_status":"closed","ping_status":"closed","template":"","meta":{"cybocfi_hide_featured_image":"","footnotes":""},"class_list":["post-3","page","type-page","status-publish","hentry"],"yoast_head":"<!-- This site is optimized with the Yoast SEO plugin v25.3.1 - https:\/\/yoast.com\/wordpress\/plugins\/seo\/ -->\n<title>Privacy Policy - Chicago Hardwood Floor Sanding Service - Sanding Wood Floor<\/title>\n<meta name=\"description\" content=\"Privacy Policy page for Sanding Wood Floor - Nortbrook. We serve north and west suburbs of Chicago. Sanding and Staining Hardwood Floors.\" \/>\n<meta name=\"robots\" content=\"index, follow, max-snippet:-1, max-image-preview:large, max-video-preview:-1\" \/>\n<link rel=\"canonical\" href=\"https:\/\/sandingwoodfloor.com\/pl\/privacy-policy\/\" \/>\n<meta property=\"og:locale\" content=\"pl_PL\" \/>\n<meta property=\"og:type\" content=\"article\" \/>\n<meta property=\"og:title\" content=\"Privacy Policy - Chicago Hardwood Floor Sanding Service - Sanding Wood Floor\" \/>\n<meta property=\"og:description\" content=\"Privacy Policy page for Sanding Wood Floor - Nortbrook. We serve north and west suburbs of Chicago. Sanding and Staining Hardwood Floors.\" \/>\n<meta property=\"og:url\" content=\"https:\/\/sandingwoodfloor.com\/pl\/privacy-policy\/\" \/>\n<meta property=\"og:site_name\" content=\"Chicago Hardwood Floor Sanding Service - Sanding Wood Floor\" \/>\n<meta property=\"article:publisher\" content=\"https:\/\/www.facebook.com\/sandingwoodfloorchi\" \/>\n<meta property=\"article:modified_time\" content=\"2025-05-24T12:50:55+00:00\" \/>\n<meta name=\"twitter:card\" content=\"summary_large_image\" \/>\n<meta name=\"twitter:site\" content=\"@sandingchicago\" \/>\n<meta name=\"twitter:label1\" content=\"Szacowany czas czytania\" \/>\n\t<meta name=\"twitter:data1\" content=\"3 minuty\" \/>\n<script type=\"application\/ld+json\" class=\"yoast-schema-graph\">{\"@context\":\"https:\/\/schema.org\",\"@graph\":[{\"@type\":\"WebPage\",\"@id\":\"https:\/\/sandingwoodfloor.com\/privacy-policy\/\",\"url\":\"https:\/\/sandingwoodfloor.com\/privacy-policy\/\",\"name\":\"Privacy Policy - Chicago Hardwood Floor Sanding Service - Sanding Wood Floor\",\"isPartOf\":{\"@id\":\"https:\/\/sandingwoodfloor.com\/#website\"},\"datePublished\":\"2021-12-28T02:38:23+00:00\",\"dateModified\":\"2025-05-24T12:50:55+00:00\",\"description\":\"Privacy Policy page for Sanding Wood Floor - Nortbrook. We serve north and west suburbs of Chicago. Sanding and Staining Hardwood Floors.\",\"breadcrumb\":{\"@id\":\"https:\/\/sandingwoodfloor.com\/privacy-policy\/#breadcrumb\"},\"inLanguage\":\"pl-PL\",\"potentialAction\":[{\"@type\":\"ReadAction\",\"target\":[\"https:\/\/sandingwoodfloor.com\/privacy-policy\/\"]}]},{\"@type\":\"BreadcrumbList\",\"@id\":\"https:\/\/sandingwoodfloor.com\/privacy-policy\/#breadcrumb\",\"itemListElement\":[{\"@type\":\"ListItem\",\"position\":1,\"name\":\"Home\",\"item\":\"https:\/\/sandingwoodfloor.com\/\"},{\"@type\":\"ListItem\",\"position\":2,\"name\":\"Privacy Policy\"}]},{\"@type\":\"WebSite\",\"@id\":\"https:\/\/sandingwoodfloor.com\/#website\",\"url\":\"https:\/\/sandingwoodfloor.com\/\",\"name\":\"Northbrook Hardwood Floor Sanding - Sanding Wood Floor\",\"description\":\"Refinish hardwood floors and stairs Fast. Great Hardwood Floor Sanding Service near you. Satisfaction Guaranteed! Located in Northbrook Area\",\"publisher\":{\"@id\":\"https:\/\/sandingwoodfloor.com\/#organization\"},\"potentialAction\":[{\"@type\":\"SearchAction\",\"target\":{\"@type\":\"EntryPoint\",\"urlTemplate\":\"https:\/\/sandingwoodfloor.com\/?s={search_term_string}\"},\"query-input\":{\"@type\":\"PropertyValueSpecification\",\"valueRequired\":true,\"valueName\":\"search_term_string\"}}],\"inLanguage\":\"pl-PL\"},{\"@type\":\"Organization\",\"@id\":\"https:\/\/sandingwoodfloor.com\/#organization\",\"name\":\"Northbrook Hardwood Floor Sanding - Sanding Wood Floor\",\"url\":\"https:\/\/sandingwoodfloor.com\/\",\"logo\":{\"@type\":\"ImageObject\",\"inLanguage\":\"pl-PL\",\"@id\":\"https:\/\/sandingwoodfloor.com\/#\/schema\/logo\/image\/\",\"url\":\"https:\/\/sandingwoodfloor.com\/wp-content\/uploads\/2022\/02\/Sanding__454___110_px_-removebg-preview.png\",\"contentUrl\":\"https:\/\/sandingwoodfloor.com\/wp-content\/uploads\/2022\/02\/Sanding__454___110_px_-removebg-preview.png\",\"width\":454,\"height\":110,\"caption\":\"Northbrook Hardwood Floor Sanding - Sanding Wood Floor\"},\"image\":{\"@id\":\"https:\/\/sandingwoodfloor.com\/#\/schema\/logo\/image\/\"},\"sameAs\":[\"https:\/\/www.facebook.com\/sandingwoodfloorchi\",\"https:\/\/x.com\/sandingchicago\",\"https:\/\/www.instagram.com\/sandingwoodfloor\/\"]}]}<\/script>\n<!-- \/ Yoast SEO plugin. -->","yoast_head_json":{"title":"Privacy Policy - Chicago Hardwood Floor Sanding Service - Sanding Wood Floor","description":"Privacy Policy page for Sanding Wood Floor - Nortbrook. We serve north and west suburbs of Chicago. Sanding and Staining Hardwood Floors.","robots":{"index":"index","follow":"follow","max-snippet":"max-snippet:-1","max-image-preview":"max-image-preview:large","max-video-preview":"max-video-preview:-1"},"canonical":"https:\/\/sandingwoodfloor.com\/pl\/privacy-policy\/","og_locale":"pl_PL","og_type":"article","og_title":"Privacy Policy - Chicago Hardwood Floor Sanding Service - Sanding Wood Floor","og_description":"Privacy Policy page for Sanding Wood Floor - Nortbrook. We serve north and west suburbs of Chicago. Sanding and Staining Hardwood Floors.","og_url":"https:\/\/sandingwoodfloor.com\/pl\/privacy-policy\/","og_site_name":"Chicago Hardwood Floor Sanding Service - Sanding Wood Floor","article_publisher":"https:\/\/www.facebook.com\/sandingwoodfloorchi","article_modified_time":"2025-05-24T12:50:55+00:00","twitter_card":"summary_large_image","twitter_site":"@sandingchicago","twitter_misc":{"Szacowany czas czytania":"3 minuty"},"schema":{"@context":"https:\/\/schema.org","@graph":[{"@type":"WebPage","@id":"https:\/\/sandingwoodfloor.com\/privacy-policy\/","url":"https:\/\/sandingwoodfloor.com\/privacy-policy\/","name":"Privacy Policy - Chicago Hardwood Floor Sanding Service - Sanding Wood Floor","isPartOf":{"@id":"https:\/\/sandingwoodfloor.com\/#website"},"datePublished":"2021-12-28T02:38:23+00:00","dateModified":"2025-05-24T12:50:55+00:00","description":"Privacy Policy page for Sanding Wood Floor - Nortbrook. We serve north and west suburbs of Chicago. Sanding and Staining Hardwood Floors.","breadcrumb":{"@id":"https:\/\/sandingwoodfloor.com\/privacy-policy\/#breadcrumb"},"inLanguage":"pl-PL","potentialAction":[{"@type":"ReadAction","target":["https:\/\/sandingwoodfloor.com\/privacy-policy\/"]}]},{"@type":"BreadcrumbList","@id":"https:\/\/sandingwoodfloor.com\/privacy-policy\/#breadcrumb","itemListElement":[{"@type":"ListItem","position":1,"name":"Home","item":"https:\/\/sandingwoodfloor.com\/"},{"@type":"ListItem","position":2,"name":"Privacy Policy"}]},{"@type":"WebSite","@id":"https:\/\/sandingwoodfloor.com\/#website","url":"https:\/\/sandingwoodfloor.com\/","name":"Northbrook Hardwood Floor Sanding - Sanding Wood Floor","description":"Refinish hardwood floors and stairs Fast. Great Hardwood Floor Sanding Service near you. Satisfaction Guaranteed! Located in Northbrook Area","publisher":{"@id":"https:\/\/sandingwoodfloor.com\/#organization"},"potentialAction":[{"@type":"SearchAction","target":{"@type":"EntryPoint","urlTemplate":"https:\/\/sandingwoodfloor.com\/?s={search_term_string}"},"query-input":{"@type":"PropertyValueSpecification","valueRequired":true,"valueName":"search_term_string"}}],"inLanguage":"pl-PL"},{"@type":"Organization","@id":"https:\/\/sandingwoodfloor.com\/#organization","name":"Northbrook Hardwood Floor Sanding - Sanding Wood Floor","url":"https:\/\/sandingwoodfloor.com\/","logo":{"@type":"ImageObject","inLanguage":"pl-PL","@id":"https:\/\/sandingwoodfloor.com\/#\/schema\/logo\/image\/","url":"https:\/\/sandingwoodfloor.com\/wp-content\/uploads\/2022\/02\/Sanding__454___110_px_-removebg-preview.png","contentUrl":"https:\/\/sandingwoodfloor.com\/wp-content\/uploads\/2022\/02\/Sanding__454___110_px_-removebg-preview.png","width":454,"height":110,"caption":"Northbrook Hardwood Floor Sanding - Sanding Wood Floor"},"image":{"@id":"https:\/\/sandingwoodfloor.com\/#\/schema\/logo\/image\/"},"sameAs":["https:\/\/www.facebook.com\/sandingwoodfloorchi","https:\/\/x.com\/sandingchicago","https:\/\/www.instagram.com\/sandingwoodfloor\/"]}]}},"_links":{"self":[{"href":"https:\/\/sandingwoodfloor.com\/pl\/wp-json\/wp\/v2\/pages\/3","targetHints":{"allow":["GET"]}}],"collection":[{"href":"https:\/\/sandingwoodfloor.com\/pl\/wp-json\/wp\/v2\/pages"}],"about":[{"href":"https:\/\/sandingwoodfloor.com\/pl\/wp-json\/wp\/v2\/types\/page"}],"author":[{"embeddable":true,"href":"https:\/\/sandingwoodfloor.com\/pl\/wp-json\/wp\/v2\/users\/2"}],"replies":[{"embeddable":true,"href":"https:\/\/sandingwoodfloor.com\/pl\/wp-json\/wp\/v2\/comments?post=3"}],"version-history":[{"count":1,"href":"https:\/\/sandingwoodfloor.com\/pl\/wp-json\/wp\/v2\/pages\/3\/revisions"}],"predecessor-version":[{"id":7486,"href":"https:\/\/sandingwoodfloor.com\/pl\/wp-json\/wp\/v2\/pages\/3\/revisions\/7486"}],"wp:attachment":[{"href":"https:\/\/sandingwoodfloor.com\/pl\/wp-json\/wp\/v2\/media?parent=3"}],"curies":[{"name":"wp","href":"https:\/\/api.w.org\/{rel}","templated":true}]}}