{"id":1740,"date":"2022-01-26T23:33:51","date_gmt":"2022-01-26T23:33:51","guid":{"rendered":"https:\/\/sandingwoodfloor.com\/?page_id=1740"},"modified":"2022-01-26T23:41:44","modified_gmt":"2022-01-26T23:41:44","slug":"sitemap","status":"publish","type":"page","link":"https:\/\/sandingwoodfloor.com\/pl\/sitemap\/","title":{"rendered":"Mapa witryny"},"content":{"rendered":"<p><div class=\"wsp-container\"><h2 class=\"wsp-pages-title\">Pages<\/h2>\n<ul class=\"wsp-pages-list\">\n<li class=\"page_item page-item-1529 page_item_has_children\"><a href=\"https:\/\/sandingwoodfloor.com\/pl\/areas-we-serve\/\">Lokalizacje<\/a>\n<ul class='children'>\n\t<li class=\"page_item page-item-7387\"><a href=\"https:\/\/sandingwoodfloor.com\/pl\/areas-we-serve\/morton-grove-hardwood-floor-sanding\/\">\u00a0Morton Grove Hardwood Floor Sanding<\/a><\/li>\n\t<li class=\"page_item page-item-4994\"><a href=\"https:\/\/sandingwoodfloor.com\/pl\/areas-we-serve\/deerfield-hardwood-floor-sanding\/\">Deerfield Hardwood Floor Sanding<\/a><\/li>\n\t<li class=\"page_item page-item-6967\"><a href=\"https:\/\/sandingwoodfloor.com\/pl\/areas-we-serve\/glencoe-hardwood-floor-sanding\/\">Glencoe Hardwood Floor Sanding<\/a><\/li>\n\t<li class=\"page_item page-item-6938\"><a href=\"https:\/\/sandingwoodfloor.com\/pl\/areas-we-serve\/highland-park-hardwood-floor-sanding\/\">Highland Park Hardwood Floor Sanding<\/a><\/li>\n\t<li class=\"page_item page-item-6997\"><a href=\"https:\/\/sandingwoodfloor.com\/pl\/areas-we-serve\/lincolnshire-hardwood-floor-sanding\/\">Lincolnshire Hardwood Floor Sanding<\/a><\/li>\n\t<li class=\"page_item page-item-7019\"><a href=\"https:\/\/sandingwoodfloor.com\/pl\/areas-we-serve\/mount-prospect-hardwood-floor-sanding\/\">Mount Prospect Hardwood Floor Sanding<\/a><\/li>\n\t<li class=\"page_item page-item-4986\"><a href=\"https:\/\/sandingwoodfloor.com\/pl\/areas-we-serve\/northbrook-hardwood-floor-sanding\/\">Northbrook Hardwood Floor Sanding Service<\/a><\/li>\n\t<li class=\"page_item page-item-7008\"><a href=\"https:\/\/sandingwoodfloor.com\/pl\/areas-we-serve\/winnetka-hardwood-floor-sanding\/\">Winnetka Hardwood Floor Sanding<\/a><\/li>\n<\/ul>\n<\/li>\n<li class=\"page_item page-item-105\"><a href=\"https:\/\/sandingwoodfloor.com\/pl\/contact\/\">Skontaktuj si\u0119 z nami<\/a><\/li>\n<li class=\"page_item page-item-4254\"><a href=\"https:\/\/sandingwoodfloor.com\/pl\/dev-test\/\">testowanie deweloperskie<\/a><\/li>\n<li class=\"page_item page-item-1618\"><a href=\"https:\/\/sandingwoodfloor.com\/pl\/elementor-1618\/\">Elementor #1618<\/a><\/li>\n<li class=\"page_item page-item-101\"><a href=\"https:\/\/sandingwoodfloor.com\/pl\/hardwood-floor\/\">Pod\u0142oga z twardego drewna \u2013 Blog<\/a><\/li>\n<li class=\"page_item page-item-7841\"><a href=\"https:\/\/sandingwoodfloor.com\/pl\/hardwood-floor-installation-northbrook-il\/\">Monta\u017c pod\u0142\u00f3g drewnianych Northbrook<\/a><\/li>\n<li class=\"page_item page-item-1727\"><a href=\"https:\/\/sandingwoodfloor.com\/pl\/hardwood-floor-installation-northbrook-il-backup\/\">Hardwood Floor Installation Northbrook OLD BACKUP<\/a><\/li>\n<li class=\"page_item page-item-6562\"><a href=\"https:\/\/sandingwoodfloor.com\/pl\/\">Us\u0142uga Cyklinowania Pod\u0142\u00f3g Drewnianych<\/a><\/li>\n<li class=\"page_item page-item-89\"><a href=\"https:\/\/sandingwoodfloor.com\/pl\/home\/\">Us\u0142uga cyklinowania pod\u0142\u00f3g z twardego drewna w p\u00f3\u0142nocnych i zachodnich przedmie\u015bciach Chicago, Illinois<\/a><\/li>\n<li class=\"page_item page-item-2155\"><a href=\"https:\/\/sandingwoodfloor.com\/pl\/how-it-works\/\">Jak To Dziala<\/a><\/li>\n<li class=\"page_item page-item-3\"><a href=\"https:\/\/sandingwoodfloor.com\/pl\/privacy-policy\/\">Polityka prywatno\u015bci<\/a><\/li>\n<li class=\"page_item page-item-3676\"><a href=\"https:\/\/sandingwoodfloor.com\/pl\/service-details\/\">Szczeg\u00f3\u0142y us\u0142ugi<\/a><\/li>\n<li class=\"page_item page-item-7176\"><a href=\"https:\/\/sandingwoodfloor.com\/pl\/service-details-2025\/\">Szczeg\u00f3\u0142y us\u0142ugi 2025<\/a><\/li>\n<li class=\"page_item page-item-1740\"><a href=\"https:\/\/sandingwoodfloor.com\/pl\/sitemap\/\">Mapa witryny<\/a><\/li>\n<\/ul>\n<\/div> <div class=\"wsp-container\"><h2 class=\"wsp-ourservicess-title\">Nasze Us\u0142ugi<\/h2>\n<ul class=\"wsp-ourservicess-list\">\n<li><a href=\"https:\/\/sandingwoodfloor.com\/pl\/ourservices\/laminate-floor-installation\/\">Monta\u017c Pod\u0142ogi Laminowanej LVP<\/a><\/li>\n<li><a href=\"https:\/\/sandingwoodfloor.com\/pl\/ourservices\/engineered-floor-installation\/\">Instalacja Pod\u0142ogi In\u017cynieryjnej<\/a><\/li>\n<li><a href=\"https:\/\/sandingwoodfloor.com\/pl\/ourservices\/carpet-removal\/\">Us\u0142uga Usuwania Dywan\u00f3w<\/a><\/li>\n<li><a href=\"https:\/\/sandingwoodfloor.com\/pl\/ourservices\/hardwood-floor-installation\/\">Instalacja Pod\u0142ogi Drewnianej<\/a><\/li>\n<li><a href=\"https:\/\/sandingwoodfloor.com\/pl\/ourservices\/hardwood-floor-sanding\/\">Cyklinowanie Pod\u0142\u00f3g Drewnianych<\/a><\/li>\n<li><a href=\"https:\/\/sandingwoodfloor.com\/pl\/ourservices\/hardwood-floor-refinishing\/\">Renowacja Pod\u0142\u00f3g Drewnianych<\/a><\/li>\n<\/ul>\n<\/div><div class=\"wsp-container\"><h2 class=\"wsp-posts-title\">Posts by category<\/h2>\n<ul class=\"wsp-posts-list\">\n\t<li><strong class=\"wsp-category-title\">Category: <a href=\"https:\/\/sandingwoodfloor.com\/pl\/category\/sanding-wood-floors\/\">Szlifowanie pod\u0142\u00f3g drewnianych<\/a><\/strong>\n<ul class=\"wsp-posts-list\">\t\t<li class=\"wsp-post\"><a href=\"https:\/\/sandingwoodfloor.com\/pl\/tips-for-sanding-hardwood-floors\/\">Przydatne wskaz\u00f3wki i triki podczas szlifowania pod\u0142\u00f3g z twardego drewna:<\/a><\/li>\n\t\t<li class=\"wsp-post\"><a href=\"https:\/\/sandingwoodfloor.com\/pl\/sanding-hardwood-floors-diy-vs-hiring-contractor\/\">Szlifowanie pod\u0142\u00f3g z twardego drewna DIY kontra zatrudnienie wykonawcy pod\u0142\u00f3g z twardego drewna<\/a><\/li>\n\t\t<li class=\"wsp-post\"><a href=\"https:\/\/sandingwoodfloor.com\/pl\/process-of-sanding-hardwood-floors\/\">Jak samemu szlifowa\u0107 pod\u0142ogi? Proces szlifowania pod\u0142\u00f3g z twardego drewna<\/a><\/li>\n<\/ul><\/li>\n<\/ul>\n<\/div><\/p>\n<script","protected":false},"excerpt":{"rendered":"","protected":false},"author":2,"featured_media":0,"parent":0,"menu_order":0,"comment_status":"closed","ping_status":"closed","template":"","meta":{"cybocfi_hide_featured_image":"","footnotes":""},"class_list":["post-1740","page","type-page","status-publish","hentry"],"yoast_head":"<!-- This site is optimized with the Yoast SEO plugin v25.3.1 - https:\/\/yoast.com\/wordpress\/plugins\/seo\/ -->\n<title>Sitemap - Chicago Hardwood Floor Sanding Service - Sanding Wood Floor<\/title>\n<meta name=\"description\" content=\"Here You can find a list of all our pages, posts and all the info about Sanding Wood Floor Contractors from Chicago Area.\" \/>\n<meta name=\"robots\" content=\"index, follow, max-snippet:-1, max-image-preview:large, max-video-preview:-1\" \/>\n<link rel=\"canonical\" href=\"https:\/\/sandingwoodfloor.com\/pl\/sitemap\/\" \/>\n<meta property=\"og:locale\" content=\"pl_PL\" \/>\n<meta property=\"og:type\" content=\"article\" \/>\n<meta property=\"og:title\" content=\"Sitemap - Chicago Hardwood Floor Sanding Service - Sanding Wood Floor\" \/>\n<meta property=\"og:description\" content=\"Here You can find a list of all our pages, posts and all the info about Sanding Wood Floor Contractors from Chicago Area.\" \/>\n<meta property=\"og:url\" content=\"https:\/\/sandingwoodfloor.com\/pl\/sitemap\/\" \/>\n<meta property=\"og:site_name\" content=\"Chicago Hardwood Floor Sanding Service - Sanding Wood Floor\" \/>\n<meta property=\"article:publisher\" content=\"https:\/\/www.facebook.com\/sandingwoodfloorchi\" \/>\n<meta property=\"article:modified_time\" content=\"2022-01-26T23:41:44+00:00\" \/>\n<meta name=\"twitter:card\" content=\"summary_large_image\" \/>\n<meta name=\"twitter:site\" content=\"@sandingchicago\" \/>\n<meta name=\"twitter:label1\" content=\"Szacowany czas czytania\" \/>\n\t<meta name=\"twitter:data1\" content=\"1 minuta\" \/>\n<script type=\"application\/ld+json\" class=\"yoast-schema-graph\">{\"@context\":\"https:\/\/schema.org\",\"@graph\":[{\"@type\":\"WebPage\",\"@id\":\"https:\/\/sandingwoodfloor.com\/sitemap\/\",\"url\":\"https:\/\/sandingwoodfloor.com\/sitemap\/\",\"name\":\"Sitemap - Chicago Hardwood Floor Sanding Service - Sanding Wood Floor\",\"isPartOf\":{\"@id\":\"https:\/\/sandingwoodfloor.com\/#website\"},\"datePublished\":\"2022-01-26T23:33:51+00:00\",\"dateModified\":\"2022-01-26T23:41:44+00:00\",\"description\":\"Here You can find a list of all our pages, posts and all the info about Sanding Wood Floor Contractors from Chicago Area.\",\"breadcrumb\":{\"@id\":\"https:\/\/sandingwoodfloor.com\/sitemap\/#breadcrumb\"},\"inLanguage\":\"pl-PL\",\"potentialAction\":[{\"@type\":\"ReadAction\",\"target\":[\"https:\/\/sandingwoodfloor.com\/sitemap\/\"]}]},{\"@type\":\"BreadcrumbList\",\"@id\":\"https:\/\/sandingwoodfloor.com\/sitemap\/#breadcrumb\",\"itemListElement\":[{\"@type\":\"ListItem\",\"position\":1,\"name\":\"Home\",\"item\":\"https:\/\/sandingwoodfloor.com\/\"},{\"@type\":\"ListItem\",\"position\":2,\"name\":\"Sitemap\"}]},{\"@type\":\"WebSite\",\"@id\":\"https:\/\/sandingwoodfloor.com\/#website\",\"url\":\"https:\/\/sandingwoodfloor.com\/\",\"name\":\"Northbrook Hardwood Floor Sanding - Sanding Wood Floor\",\"description\":\"Refinish hardwood floors and stairs Fast. Great Hardwood Floor Sanding Service near you. Satisfaction Guaranteed! Located in Northbrook Area\",\"publisher\":{\"@id\":\"https:\/\/sandingwoodfloor.com\/#organization\"},\"potentialAction\":[{\"@type\":\"SearchAction\",\"target\":{\"@type\":\"EntryPoint\",\"urlTemplate\":\"https:\/\/sandingwoodfloor.com\/?s={search_term_string}\"},\"query-input\":{\"@type\":\"PropertyValueSpecification\",\"valueRequired\":true,\"valueName\":\"search_term_string\"}}],\"inLanguage\":\"pl-PL\"},{\"@type\":\"Organization\",\"@id\":\"https:\/\/sandingwoodfloor.com\/#organization\",\"name\":\"Northbrook Hardwood Floor Sanding - Sanding Wood Floor\",\"url\":\"https:\/\/sandingwoodfloor.com\/\",\"logo\":{\"@type\":\"ImageObject\",\"inLanguage\":\"pl-PL\",\"@id\":\"https:\/\/sandingwoodfloor.com\/#\/schema\/logo\/image\/\",\"url\":\"https:\/\/sandingwoodfloor.com\/wp-content\/uploads\/2022\/02\/Sanding__454___110_px_-removebg-preview.png\",\"contentUrl\":\"https:\/\/sandingwoodfloor.com\/wp-content\/uploads\/2022\/02\/Sanding__454___110_px_-removebg-preview.png\",\"width\":454,\"height\":110,\"caption\":\"Northbrook Hardwood Floor Sanding - Sanding Wood Floor\"},\"image\":{\"@id\":\"https:\/\/sandingwoodfloor.com\/#\/schema\/logo\/image\/\"},\"sameAs\":[\"https:\/\/www.facebook.com\/sandingwoodfloorchi\",\"https:\/\/x.com\/sandingchicago\",\"https:\/\/www.instagram.com\/sandingwoodfloor\/\"]}]}<\/script>\n<!-- \/ Yoast SEO plugin. -->","yoast_head_json":{"title":"Sitemap - Chicago Hardwood Floor Sanding Service - Sanding Wood Floor","description":"Here You can find a list of all our pages, posts and all the info about Sanding Wood Floor Contractors from Chicago Area.","robots":{"index":"index","follow":"follow","max-snippet":"max-snippet:-1","max-image-preview":"max-image-preview:large","max-video-preview":"max-video-preview:-1"},"canonical":"https:\/\/sandingwoodfloor.com\/pl\/sitemap\/","og_locale":"pl_PL","og_type":"article","og_title":"Sitemap - Chicago Hardwood Floor Sanding Service - Sanding Wood Floor","og_description":"Here You can find a list of all our pages, posts and all the info about Sanding Wood Floor Contractors from Chicago Area.","og_url":"https:\/\/sandingwoodfloor.com\/pl\/sitemap\/","og_site_name":"Chicago Hardwood Floor Sanding Service - Sanding Wood Floor","article_publisher":"https:\/\/www.facebook.com\/sandingwoodfloorchi","article_modified_time":"2022-01-26T23:41:44+00:00","twitter_card":"summary_large_image","twitter_site":"@sandingchicago","twitter_misc":{"Szacowany czas czytania":"1 minuta"},"schema":{"@context":"https:\/\/schema.org","@graph":[{"@type":"WebPage","@id":"https:\/\/sandingwoodfloor.com\/sitemap\/","url":"https:\/\/sandingwoodfloor.com\/sitemap\/","name":"Sitemap - Chicago Hardwood Floor Sanding Service - Sanding Wood Floor","isPartOf":{"@id":"https:\/\/sandingwoodfloor.com\/#website"},"datePublished":"2022-01-26T23:33:51+00:00","dateModified":"2022-01-26T23:41:44+00:00","description":"Here You can find a list of all our pages, posts and all the info about Sanding Wood Floor Contractors from Chicago Area.","breadcrumb":{"@id":"https:\/\/sandingwoodfloor.com\/sitemap\/#breadcrumb"},"inLanguage":"pl-PL","potentialAction":[{"@type":"ReadAction","target":["https:\/\/sandingwoodfloor.com\/sitemap\/"]}]},{"@type":"BreadcrumbList","@id":"https:\/\/sandingwoodfloor.com\/sitemap\/#breadcrumb","itemListElement":[{"@type":"ListItem","position":1,"name":"Home","item":"https:\/\/sandingwoodfloor.com\/"},{"@type":"ListItem","position":2,"name":"Sitemap"}]},{"@type":"WebSite","@id":"https:\/\/sandingwoodfloor.com\/#website","url":"https:\/\/sandingwoodfloor.com\/","name":"Northbrook Hardwood Floor Sanding - Sanding Wood Floor","description":"Refinish hardwood floors and stairs Fast. Great Hardwood Floor Sanding Service near you. Satisfaction Guaranteed! Located in Northbrook Area","publisher":{"@id":"https:\/\/sandingwoodfloor.com\/#organization"},"potentialAction":[{"@type":"SearchAction","target":{"@type":"EntryPoint","urlTemplate":"https:\/\/sandingwoodfloor.com\/?s={search_term_string}"},"query-input":{"@type":"PropertyValueSpecification","valueRequired":true,"valueName":"search_term_string"}}],"inLanguage":"pl-PL"},{"@type":"Organization","@id":"https:\/\/sandingwoodfloor.com\/#organization","name":"Northbrook Hardwood Floor Sanding - Sanding Wood Floor","url":"https:\/\/sandingwoodfloor.com\/","logo":{"@type":"ImageObject","inLanguage":"pl-PL","@id":"https:\/\/sandingwoodfloor.com\/#\/schema\/logo\/image\/","url":"https:\/\/sandingwoodfloor.com\/wp-content\/uploads\/2022\/02\/Sanding__454___110_px_-removebg-preview.png","contentUrl":"https:\/\/sandingwoodfloor.com\/wp-content\/uploads\/2022\/02\/Sanding__454___110_px_-removebg-preview.png","width":454,"height":110,"caption":"Northbrook Hardwood Floor Sanding - Sanding Wood Floor"},"image":{"@id":"https:\/\/sandingwoodfloor.com\/#\/schema\/logo\/image\/"},"sameAs":["https:\/\/www.facebook.com\/sandingwoodfloorchi","https:\/\/x.com\/sandingchicago","https:\/\/www.instagram.com\/sandingwoodfloor\/"]}]}},"_links":{"self":[{"href":"https:\/\/sandingwoodfloor.com\/pl\/wp-json\/wp\/v2\/pages\/1740","targetHints":{"allow":["GET"]}}],"collection":[{"href":"https:\/\/sandingwoodfloor.com\/pl\/wp-json\/wp\/v2\/pages"}],"about":[{"href":"https:\/\/sandingwoodfloor.com\/pl\/wp-json\/wp\/v2\/types\/page"}],"author":[{"embeddable":true,"href":"https:\/\/sandingwoodfloor.com\/pl\/wp-json\/wp\/v2\/users\/2"}],"replies":[{"embeddable":true,"href":"https:\/\/sandingwoodfloor.com\/pl\/wp-json\/wp\/v2\/comments?post=1740"}],"version-history":[{"count":4,"href":"https:\/\/sandingwoodfloor.com\/pl\/wp-json\/wp\/v2\/pages\/1740\/revisions"}],"predecessor-version":[{"id":1751,"href":"https:\/\/sandingwoodfloor.com\/pl\/wp-json\/wp\/v2\/pages\/1740\/revisions\/1751"}],"wp:attachment":[{"href":"https:\/\/sandingwoodfloor.com\/pl\/wp-json\/wp\/v2\/media?parent=1740"}],"curies":[{"name":"wp","href":"https:\/\/api.w.org\/{rel}","templated":true}]}}