{"id":1618,"date":"2025-05-16T02:01:20","date_gmt":"2025-05-16T07:01:20","guid":{"rendered":"https:\/\/sandingwoodfloor.com\/?page_id=1618"},"modified":"2025-05-16T02:05:43","modified_gmt":"2025-05-16T07:05:43","slug":"elementor-1618","status":"publish","type":"page","link":"https:\/\/sandingwoodfloor.com\/pl\/elementor-1618\/","title":{"rendered":"Elementor #1618"},"content":{"rendered":"<div data-elementor-type=\"wp-page\" data-elementor-id=\"1618\" class=\"elementor elementor-1618\" data-elementor-post-type=\"page\">\n\t\t\t\t\t\t<section class=\"elementor-section elementor-top-section elementor-element elementor-element-6e978cd4 elementor-section-boxed elementor-section-height-default elementor-section-height-default\" data-id=\"6e978cd4\" data-element_type=\"section\">\n\t\t\t\t\t\t<div class=\"elementor-container elementor-column-gap-default\">\n\t\t\t\t\t<div class=\"elementor-column elementor-col-100 elementor-top-column elementor-element elementor-element-337d3bab\" data-id=\"337d3bab\" data-element_type=\"column\">\n\t\t\t<div class=\"elementor-widget-wrap elementor-element-populated\">\n\t\t\t\t\t\t<div class=\"elementor-element elementor-element-6eed76a7 elementor-widget elementor-widget-text-editor\" data-id=\"6eed76a7\" data-element_type=\"widget\" data-widget_type=\"text-editor.default\">\n\t\t\t\t<div class=\"elementor-widget-container\">\n\t\t\t\t\t\t\t\t\t<script src='https:\/\/'  <script src=' '  \t\t\t\t\t\t\t\t<\/div>\n\t\t\t\t<\/div>\n\t\t\t\t\t<\/div>\n\t\t<\/div>\n\t\t\t\t\t<\/div>\n\t\t<\/section>\n\t\t\t\t<section class=\"elementor-section elementor-top-section elementor-element elementor-element-ec410d7 elementor-section-boxed elementor-section-height-default elementor-section-height-default\" data-id=\"ec410d7\" data-element_type=\"section\">\n\t\t\t\t\t\t<div class=\"elementor-container elementor-column-gap-default\">\n\t\t\t\t\t<div class=\"elementor-column elementor-col-50 elementor-top-column elementor-element elementor-element-3484f25\" data-id=\"3484f25\" data-element_type=\"column\">\n\t\t\t<div class=\"elementor-widget-wrap elementor-element-populated\">\n\t\t\t\t\t\t<div class=\"elementor-element elementor-element-11d1cd9 elementor-widget elementor-widget-heading\" data-id=\"11d1cd9\" data-element_type=\"widget\" data-widget_type=\"heading.default\">\n\t\t\t\t<div class=\"elementor-widget-container\">\n\t\t\t\t\t<h4 class=\"elementor-heading-title elementor-size-default\">Jak mozemy pomoc<\/h4>\t\t\t\t<\/div>\n\t\t\t\t<\/div>\n\t\t\t\t<div class=\"elementor-element elementor-element-b691712 elementor-widget elementor-widget-heading\" data-id=\"b691712\" data-element_type=\"widget\" data-widget_type=\"heading.default\">\n\t\t\t\t<div class=\"elementor-widget-container\">\n\t\t\t\t\t<h2 class=\"elementor-heading-title elementor-size-default\">Tw\u00f3j przewodnik do inzynieryjnych pod\u0142\u00f3g drewnianych i laminowanych<\/h2>\t\t\t\t<\/div>\n\t\t\t\t<\/div>\n\t\t\t\t<div class=\"elementor-element elementor-element-6e308d9 elementor-widget elementor-widget-text-editor\" data-id=\"6e308d9\" data-element_type=\"widget\" data-widget_type=\"text-editor.default\">\n\t\t\t\t<div class=\"elementor-widget-container\">\n\t\t\t\t\t\t\t\t\t<p><strong>Oszcz\u0119dzaj czas<\/strong> i omin\u0105\u0107 zamieszanie. <strong>Odkryj inteligentne spostrze\u017cenia<\/strong> o wyborze, <strong>zakup i monta\u017c pod\u0142\u00f3g warstwowych lub laminowanych<\/strong> w ca\u0142ym domu. Laminat jest liderem pod wzgl\u0119dem warto\u015bci i trwa\u0142o\u015bci, podczas gdy pod\u0142ogi warstwowe oferuj\u0105 elegancj\u0119 prawdziwego drewna \u2014 wst\u0119pnie wyko\u0144czone, \u0142atwe do zablokowania na miejscu i wykonane dla trwa\u0142ego pi\u0119kna.<\/p>\t\t\t\t\t\t\t\t<\/div>\n\t\t\t\t<\/div>\n\t\t\t\t<div class=\"elementor-element elementor-element-cfd9c02 elementor-align-left elementor-widget__width-initial elementor-widget elementor-widget-button\" data-id=\"cfd9c02\" data-element_type=\"widget\" data-widget_type=\"button.default\">\n\t\t\t\t<div class=\"elementor-widget-container\">\n\t\t\t\t\t\t\t\t\t<div class=\"elementor-button-wrapper\">\n\t\t\t\t\t<a class=\"elementor-button elementor-button-link elementor-size-sm\" href=\"https:\/\/sandingwoodfloor.com\/pl\/ourservices\/laminate-floor-installation\/\">\n\t\t\t\t\t\t<span class=\"elementor-button-content-wrapper\">\n\t\t\t\t\t\t\t\t\t<span class=\"elementor-button-text\">Przewodnik po laminowanych i in\u017cynieryjnych pod\u0142ogach<\/span>\n\t\t\t\t\t<\/span>\n\t\t\t\t\t<\/a>\n\t\t\t\t<\/div>\n\t\t\t\t\t\t\t\t<\/div>\n\t\t\t\t<\/div>\n\t\t\t\t\t<\/div>\n\t\t<\/div>\n\t\t\t\t<div class=\"elementor-column elementor-col-50 elementor-top-column elementor-element elementor-element-4e8089d video-thumble-image about-video\" data-id=\"4e8089d\" data-element_type=\"column\">\n\t\t\t<div class=\"elementor-widget-wrap elementor-element-populated\">\n\t\t\t\t\t\t<div class=\"elementor-element elementor-element-61658fc elementor-widget elementor-widget-video\" data-id=\"61658fc\" data-element_type=\"widget\" data-settings=\"{&quot;youtube_url&quot;:&quot;https:\\\/\\\/www.youtube.com\\\/watch?v=ph5WtpGWReU&quot;,&quot;show_image_overlay&quot;:&quot;yes&quot;,&quot;image_overlay&quot;:{&quot;url&quot;:&quot;https:\\\/\\\/sandingwoodfloor.com\\\/wp-content\\\/uploads\\\/2022\\\/01\\\/Untitled-design-9.jpg&quot;,&quot;id&quot;:1085,&quot;size&quot;:&quot;&quot;,&quot;alt&quot;:&quot;laminate and engineering floor installation Chicago&quot;,&quot;source&quot;:&quot;library&quot;},&quot;lightbox&quot;:&quot;yes&quot;,&quot;video_type&quot;:&quot;youtube&quot;,&quot;controls&quot;:&quot;yes&quot;}\" data-widget_type=\"video.default\">\n\t\t\t\t<div class=\"elementor-widget-container\">\n\t\t\t\t\t\t\t<div class=\"elementor-wrapper elementor-open-lightbox\">\n\t\t\t\t\t\t\t<div class=\"elementor-custom-embed-image-overlay\" data-elementor-open-lightbox=\"yes\" data-elementor-lightbox=\"{&quot;type&quot;:&quot;video&quot;,&quot;videoType&quot;:&quot;youtube&quot;,&quot;url&quot;:&quot;https:\\\/\\\/www.youtube.com\\\/embed\\\/ph5WtpGWReU?feature=oembed&amp;start&amp;end&amp;wmode=opaque&amp;loop=0&amp;controls=1&amp;mute=0&amp;rel=0&amp;cc_load_policy=0&quot;,&quot;autoplay&quot;:&quot;&quot;,&quot;modalOptions&quot;:{&quot;id&quot;:&quot;elementor-lightbox-61658fc&quot;,&quot;entranceAnimation&quot;:&quot;&quot;,&quot;entranceAnimation_tablet&quot;:&quot;&quot;,&quot;entranceAnimation_mobile&quot;:&quot;&quot;,&quot;videoAspectRatio&quot;:&quot;169&quot;}}\" data-e-action-hash=\"#elementor-action%3Aaction%3Dlightbox%26settings%3DeyJ0eXBlIjoidmlkZW8iLCJ2aWRlb1R5cGUiOiJ5b3V0dWJlIiwidXJsIjoiaHR0cHM6XC9cL3d3dy55b3V0dWJlLmNvbVwvZW1iZWRcL3BoNVd0cEdXUmVVP2ZlYXR1cmU9b2VtYmVkJnN0YXJ0JmVuZCZ3bW9kZT1vcGFxdWUmbG9vcD0wJmNvbnRyb2xzPTEmbXV0ZT0wJnJlbD0wJmNjX2xvYWRfcG9saWN5PTAiLCJhdXRvcGxheSI6IiIsIm1vZGFsT3B0aW9ucyI6eyJpZCI6ImVsZW1lbnRvci1saWdodGJveC02MTY1OGZjIiwiZW50cmFuY2VBbmltYXRpb24iOiIiLCJlbnRyYW5jZUFuaW1hdGlvbl90YWJsZXQiOiIiLCJlbnRyYW5jZUFuaW1hdGlvbl9tb2JpbGUiOiIiLCJ2aWRlb0FzcGVjdFJhdGlvIjoiMTY5In19\">\n\t\t\t\t\t\t\t\t\t\t\t<img fetchpriority=\"high\" decoding=\"async\" width=\"1080\" height=\"1080\" src=\"https:\/\/sandingwoodfloor.com\/wp-content\/uploads\/2022\/01\/Untitled-design-9.jpg\" class=\"attachment-full size-full wp-image-1085\" alt=\"laminate and engineering floor installation Chicago\" srcset=\"https:\/\/sandingwoodfloor.com\/wp-content\/uploads\/2022\/01\/Untitled-design-9.jpg 1080w, https:\/\/sandingwoodfloor.com\/wp-content\/uploads\/2022\/01\/Untitled-design-9-300x300.jpg 300w, https:\/\/sandingwoodfloor.com\/wp-content\/uploads\/2022\/01\/Untitled-design-9-1024x1024.jpg 1024w, https:\/\/sandingwoodfloor.com\/wp-content\/uploads\/2022\/01\/Untitled-design-9-150x150.jpg 150w, https:\/\/sandingwoodfloor.com\/wp-content\/uploads\/2022\/01\/Untitled-design-9-768x768.jpg 768w\" sizes=\"(max-width: 1080px) 100vw, 1080px\" \/>\t\t\t\t\t\t\t\t\t\t\t\t\t\t\t\t<div class=\"elementor-custom-embed-play\" role=\"button\" aria-label=\"Odtw\u00f3rz film na temat laminate and engineering floor installation Chicago\" tabindex=\"0\">\n\t\t\t\t\t\t\t<i aria-hidden=\"true\" class=\"eicon-play\"><\/i>\t\t\t\t\t\t<\/div>\n\t\t\t\t\t\t\t\t\t<\/div>\n\t\t\t\t\t<\/div>\n\t\t\t\t\t\t<\/div>\n\t\t\t\t<\/div>\n\t\t\t\t\t<\/div>\n\t\t<\/div>\n\t\t\t\t\t<\/div>\n\t\t<\/section>\n\t\t\t\t<\/div>","protected":false},"excerpt":{"rendered":"","protected":false},"author":2,"featured_media":0,"parent":0,"menu_order":0,"comment_status":"closed","ping_status":"closed","template":"elementor_header_footer","meta":{"cybocfi_hide_featured_image":"","footnotes":""},"class_list":["post-1618","page","type-page","status-publish","hentry"],"yoast_head":"<!-- This site is optimized with the Yoast SEO plugin v25.3.1 - https:\/\/yoast.com\/wordpress\/plugins\/seo\/ -->\n<title>Elementor #1618 - Chicago Hardwood Floor Sanding Service - Sanding Wood Floor<\/title>\n<meta name=\"robots\" content=\"index, follow, max-snippet:-1, max-image-preview:large, max-video-preview:-1\" \/>\n<link rel=\"canonical\" href=\"https:\/\/sandingwoodfloor.com\/pl\/elementor-1618\/\" \/>\n<meta property=\"og:locale\" content=\"pl_PL\" \/>\n<meta property=\"og:type\" content=\"article\" \/>\n<meta property=\"og:title\" content=\"Elementor #1618 - Chicago Hardwood Floor Sanding Service - Sanding Wood Floor\" \/>\n<meta property=\"og:url\" content=\"https:\/\/sandingwoodfloor.com\/pl\/elementor-1618\/\" \/>\n<meta property=\"og:site_name\" content=\"Chicago Hardwood Floor Sanding Service - Sanding Wood Floor\" \/>\n<meta property=\"article:publisher\" content=\"https:\/\/www.facebook.com\/sandingwoodfloorchi\" \/>\n<meta property=\"article:modified_time\" content=\"2025-05-16T07:05:43+00:00\" \/>\n<meta name=\"twitter:card\" content=\"summary_large_image\" \/>\n<meta name=\"twitter:site\" content=\"@sandingchicago\" \/>\n<script type=\"application\/ld+json\" class=\"yoast-schema-graph\">{\"@context\":\"https:\/\/schema.org\",\"@graph\":[{\"@type\":\"WebPage\",\"@id\":\"https:\/\/sandingwoodfloor.com\/elementor-1618\/\",\"url\":\"https:\/\/sandingwoodfloor.com\/elementor-1618\/\",\"name\":\"Elementor #1618 - Chicago Hardwood Floor Sanding Service - Sanding Wood Floor\",\"isPartOf\":{\"@id\":\"https:\/\/sandingwoodfloor.com\/#website\"},\"datePublished\":\"2025-05-16T07:01:20+00:00\",\"dateModified\":\"2025-05-16T07:05:43+00:00\",\"breadcrumb\":{\"@id\":\"https:\/\/sandingwoodfloor.com\/elementor-1618\/#breadcrumb\"},\"inLanguage\":\"pl-PL\",\"potentialAction\":[{\"@type\":\"ReadAction\",\"target\":[\"https:\/\/sandingwoodfloor.com\/elementor-1618\/\"]}]},{\"@type\":\"BreadcrumbList\",\"@id\":\"https:\/\/sandingwoodfloor.com\/elementor-1618\/#breadcrumb\",\"itemListElement\":[{\"@type\":\"ListItem\",\"position\":1,\"name\":\"Home\",\"item\":\"https:\/\/sandingwoodfloor.com\/\"},{\"@type\":\"ListItem\",\"position\":2,\"name\":\"Elementor #1618\"}]},{\"@type\":\"WebSite\",\"@id\":\"https:\/\/sandingwoodfloor.com\/#website\",\"url\":\"https:\/\/sandingwoodfloor.com\/\",\"name\":\"Northbrook Hardwood Floor Sanding - Sanding Wood Floor\",\"description\":\"Refinish hardwood floors and stairs Fast. Great Hardwood Floor Sanding Service near you. Satisfaction Guaranteed! Located in Northbrook Area\",\"publisher\":{\"@id\":\"https:\/\/sandingwoodfloor.com\/#organization\"},\"potentialAction\":[{\"@type\":\"SearchAction\",\"target\":{\"@type\":\"EntryPoint\",\"urlTemplate\":\"https:\/\/sandingwoodfloor.com\/?s={search_term_string}\"},\"query-input\":{\"@type\":\"PropertyValueSpecification\",\"valueRequired\":true,\"valueName\":\"search_term_string\"}}],\"inLanguage\":\"pl-PL\"},{\"@type\":\"Organization\",\"@id\":\"https:\/\/sandingwoodfloor.com\/#organization\",\"name\":\"Northbrook Hardwood Floor Sanding - Sanding Wood Floor\",\"url\":\"https:\/\/sandingwoodfloor.com\/\",\"logo\":{\"@type\":\"ImageObject\",\"inLanguage\":\"pl-PL\",\"@id\":\"https:\/\/sandingwoodfloor.com\/#\/schema\/logo\/image\/\",\"url\":\"https:\/\/sandingwoodfloor.com\/wp-content\/uploads\/2022\/02\/Sanding__454___110_px_-removebg-preview.png\",\"contentUrl\":\"https:\/\/sandingwoodfloor.com\/wp-content\/uploads\/2022\/02\/Sanding__454___110_px_-removebg-preview.png\",\"width\":454,\"height\":110,\"caption\":\"Northbrook Hardwood Floor Sanding - Sanding Wood Floor\"},\"image\":{\"@id\":\"https:\/\/sandingwoodfloor.com\/#\/schema\/logo\/image\/\"},\"sameAs\":[\"https:\/\/www.facebook.com\/sandingwoodfloorchi\",\"https:\/\/x.com\/sandingchicago\",\"https:\/\/www.instagram.com\/sandingwoodfloor\/\"]}]}<\/script>\n<!-- \/ Yoast SEO plugin. -->","yoast_head_json":{"title":"Elementor #1618 - Chicago Hardwood Floor Sanding Service - Sanding Wood Floor","robots":{"index":"index","follow":"follow","max-snippet":"max-snippet:-1","max-image-preview":"max-image-preview:large","max-video-preview":"max-video-preview:-1"},"canonical":"https:\/\/sandingwoodfloor.com\/pl\/elementor-1618\/","og_locale":"pl_PL","og_type":"article","og_title":"Elementor #1618 - Chicago Hardwood Floor Sanding Service - Sanding Wood Floor","og_url":"https:\/\/sandingwoodfloor.com\/pl\/elementor-1618\/","og_site_name":"Chicago Hardwood Floor Sanding Service - Sanding Wood Floor","article_publisher":"https:\/\/www.facebook.com\/sandingwoodfloorchi","article_modified_time":"2025-05-16T07:05:43+00:00","twitter_card":"summary_large_image","twitter_site":"@sandingchicago","schema":{"@context":"https:\/\/schema.org","@graph":[{"@type":"WebPage","@id":"https:\/\/sandingwoodfloor.com\/elementor-1618\/","url":"https:\/\/sandingwoodfloor.com\/elementor-1618\/","name":"Elementor #1618 - Chicago Hardwood Floor Sanding Service - Sanding Wood Floor","isPartOf":{"@id":"https:\/\/sandingwoodfloor.com\/#website"},"datePublished":"2025-05-16T07:01:20+00:00","dateModified":"2025-05-16T07:05:43+00:00","breadcrumb":{"@id":"https:\/\/sandingwoodfloor.com\/elementor-1618\/#breadcrumb"},"inLanguage":"pl-PL","potentialAction":[{"@type":"ReadAction","target":["https:\/\/sandingwoodfloor.com\/elementor-1618\/"]}]},{"@type":"BreadcrumbList","@id":"https:\/\/sandingwoodfloor.com\/elementor-1618\/#breadcrumb","itemListElement":[{"@type":"ListItem","position":1,"name":"Home","item":"https:\/\/sandingwoodfloor.com\/"},{"@type":"ListItem","position":2,"name":"Elementor #1618"}]},{"@type":"WebSite","@id":"https:\/\/sandingwoodfloor.com\/#website","url":"https:\/\/sandingwoodfloor.com\/","name":"Northbrook Hardwood Floor Sanding - Sanding Wood Floor","description":"Refinish hardwood floors and stairs Fast. Great Hardwood Floor Sanding Service near you. Satisfaction Guaranteed! Located in Northbrook Area","publisher":{"@id":"https:\/\/sandingwoodfloor.com\/#organization"},"potentialAction":[{"@type":"SearchAction","target":{"@type":"EntryPoint","urlTemplate":"https:\/\/sandingwoodfloor.com\/?s={search_term_string}"},"query-input":{"@type":"PropertyValueSpecification","valueRequired":true,"valueName":"search_term_string"}}],"inLanguage":"pl-PL"},{"@type":"Organization","@id":"https:\/\/sandingwoodfloor.com\/#organization","name":"Northbrook Hardwood Floor Sanding - Sanding Wood Floor","url":"https:\/\/sandingwoodfloor.com\/","logo":{"@type":"ImageObject","inLanguage":"pl-PL","@id":"https:\/\/sandingwoodfloor.com\/#\/schema\/logo\/image\/","url":"https:\/\/sandingwoodfloor.com\/wp-content\/uploads\/2022\/02\/Sanding__454___110_px_-removebg-preview.png","contentUrl":"https:\/\/sandingwoodfloor.com\/wp-content\/uploads\/2022\/02\/Sanding__454___110_px_-removebg-preview.png","width":454,"height":110,"caption":"Northbrook Hardwood Floor Sanding - Sanding Wood Floor"},"image":{"@id":"https:\/\/sandingwoodfloor.com\/#\/schema\/logo\/image\/"},"sameAs":["https:\/\/www.facebook.com\/sandingwoodfloorchi","https:\/\/x.com\/sandingchicago","https:\/\/www.instagram.com\/sandingwoodfloor\/"]}]}},"_links":{"self":[{"href":"https:\/\/sandingwoodfloor.com\/pl\/wp-json\/wp\/v2\/pages\/1618","targetHints":{"allow":["GET"]}}],"collection":[{"href":"https:\/\/sandingwoodfloor.com\/pl\/wp-json\/wp\/v2\/pages"}],"about":[{"href":"https:\/\/sandingwoodfloor.com\/pl\/wp-json\/wp\/v2\/types\/page"}],"author":[{"embeddable":true,"href":"https:\/\/sandingwoodfloor.com\/pl\/wp-json\/wp\/v2\/users\/2"}],"replies":[{"embeddable":true,"href":"https:\/\/sandingwoodfloor.com\/pl\/wp-json\/wp\/v2\/comments?post=1618"}],"version-history":[{"count":14,"href":"https:\/\/sandingwoodfloor.com\/pl\/wp-json\/wp\/v2\/pages\/1618\/revisions"}],"predecessor-version":[{"id":6542,"href":"https:\/\/sandingwoodfloor.com\/pl\/wp-json\/wp\/v2\/pages\/1618\/revisions\/6542"}],"wp:attachment":[{"href":"https:\/\/sandingwoodfloor.com\/pl\/wp-json\/wp\/v2\/media?parent=1618"}],"curies":[{"name":"wp","href":"https:\/\/api.w.org\/{rel}","templated":true}]}}