{"id":105,"date":"2021-06-24T14:51:48","date_gmt":"2021-06-24T14:51:48","guid":{"rendered":"https:\/\/sktperfectdemo.com\/demos\/flooring\/?page_id=105"},"modified":"2022-01-03T22:13:24","modified_gmt":"2022-01-03T22:13:24","slug":"contact","status":"publish","type":"page","link":"https:\/\/sandingwoodfloor.com\/pl\/contact\/","title":{"rendered":"Skontaktuj si\u0119 z nami"},"content":{"rendered":"<div data-elementor-type=\"wp-page\" data-elementor-id=\"105\" class=\"elementor elementor-105\" data-elementor-post-type=\"page\">\n\t\t\t\t\t\t<section class=\"elementor-section elementor-top-section elementor-element elementor-element-76cb6518 elementor-section-boxed elementor-section-height-default elementor-section-height-default\" data-id=\"76cb6518\" data-element_type=\"section\">\n\t\t\t\t\t\t<div class=\"elementor-container elementor-column-gap-default\">\n\t\t\t\t\t<div class=\"elementor-column elementor-col-100 elementor-top-column elementor-element elementor-element-3fca13d0\" data-id=\"3fca13d0\" data-element_type=\"column\">\n\t\t\t<div class=\"elementor-widget-wrap elementor-element-populated\">\n\t\t\t\t\t\t<div class=\"elementor-element elementor-element-14db76d7 elementor-widget elementor-widget-text-editor\" data-id=\"14db76d7\" data-element_type=\"widget\" data-widget_type=\"text-editor.default\">\n\t\t\t\t<div class=\"elementor-widget-container\">\n\t\t\t\t\t\t\t\t\t\n<div class=\"wp-block-contact-form-7-contact-form-selector\">\n<div class=\"wpcf7 no-js\" id=\"wpcf7-f569-o1\" lang=\"en-US\" dir=\"ltr\" data-wpcf7-id=\"569\">\n<div class=\"screen-reader-response\"><p role=\"status\" aria-live=\"polite\" aria-atomic=\"true\"><\/p> <ul><\/ul><\/div>\n<form action=\"\/pl\/wp-json\/wp\/v2\/pages\/105#wpcf7-f569-o1\" method=\"post\" class=\"wpcf7-form init\" aria-label=\"Contact form\" novalidate=\"novalidate\" data-status=\"init\" data-trp-original-action=\"\/pl\/wp-json\/wp\/v2\/pages\/105#wpcf7-f569-o1\">\n<div style=\"display: none;\">\n<input type=\"hidden\" name=\"_wpcf7\" value=\"569\" \/>\n<input type=\"hidden\" name=\"_wpcf7_version\" value=\"6.0.6\" \/>\n<input type=\"hidden\" name=\"_wpcf7_locale\" value=\"en_US\" \/>\n<input type=\"hidden\" name=\"_wpcf7_unit_tag\" value=\"wpcf7-f569-o1\" \/>\n<input type=\"hidden\" name=\"_wpcf7_container_post\" value=\"0\" \/>\n<input type=\"hidden\" name=\"_wpcf7_posted_data_hash\" value=\"\" \/>\n<input type=\"hidden\" name=\"_wpcf7_recaptcha_response\" value=\"\" \/>\n<\/div>\n<p><label> Twoje Imi\u0119<br \/>\n<span class=\"wpcf7-form-control-wrap\" data-name=\"your-name\"><input size=\"40\" maxlength=\"400\" class=\"wpcf7-form-control wpcf7-text wpcf7-validates-as-required\" aria-required=\"true\" aria-invalid=\"false\" placeholder=\"Imi\u0119\" value=\"\" type=\"text\" name=\"your-name\" \/><\/span> <\/label>\n<\/p>\n<p><label> Tw\u00f3j email<br \/>\n<span class=\"wpcf7-form-control-wrap\" data-name=\"your-email\"><input size=\"40\" maxlength=\"400\" class=\"wpcf7-form-control wpcf7-email wpcf7-validates-as-required wpcf7-text wpcf7-validates-as-email\" aria-required=\"true\" aria-invalid=\"false\" placeholder=\"e-mail\" value=\"\" type=\"email\" name=\"your-email\" \/><\/span> <\/label>\n<\/p>\n<p><label> Tw\u00f3j Numer Telefonu<br \/>\n<span class=\"wpcf7-form-control-wrap\" data-name=\"Phone\"><input size=\"40\" maxlength=\"400\" class=\"wpcf7-form-control wpcf7-tel wpcf7-validates-as-required wpcf7-text wpcf7-validates-as-tel\" aria-required=\"true\" aria-invalid=\"false\" placeholder=\"Telefon\" value=\"\" type=\"tel\" name=\"Phone\" \/><\/span> <\/label>\n<\/p>\n<p><label> Temat Rozmowy<br \/>\n<span class=\"wpcf7-form-control-wrap\" data-name=\"your-subject\"><input size=\"40\" maxlength=\"400\" class=\"wpcf7-form-control wpcf7-text wpcf7-validates-as-required\" aria-required=\"true\" aria-invalid=\"false\" placeholder=\"Jakiego rodzaju pracy potrzebujesz?\" value=\"\" type=\"text\" name=\"your-subject\" \/><\/span> <\/label>\n<\/p>\n<p><label> Twoja Wiadomo\u015b\u0107 (opcjonalnie)<br \/>\n<span class=\"wpcf7-form-control-wrap\" data-name=\"your-message\"><textarea cols=\"40\" rows=\"10\" maxlength=\"2000\" class=\"wpcf7-form-control wpcf7-textarea\" aria-invalid=\"false\" placeholder=\"Prosz\u0119 wpisa\u0107 tutaj swoj\u0105 wiadomo\u015b\u0107\" name=\"your-message\"><\/textarea><\/span> <\/label>\n<\/p>\n<p><input class=\"wpcf7-form-control wpcf7-submit has-spinner\" type=\"submit\" value=\"Wy\u015blij\" \/>\n<\/p><div class=\"wpcf7-response-output\" aria-hidden=\"true\"><\/div>\n<input type=\"hidden\" name=\"trp-form-language\" value=\"pl\"\/><\/form>\n<\/div>\n<\/div>\n\t\t\t\t\t\t\t\t<\/div>\n\t\t\t\t<\/div>\n\t\t\t\t\t<\/div>\n\t\t<\/div>\n\t\t\t\t\t<\/div>\n\t\t<\/section>\n\t\t\t\t<\/div>","protected":false},"excerpt":{"rendered":"","protected":false},"author":2,"featured_media":0,"parent":0,"menu_order":0,"comment_status":"closed","ping_status":"closed","template":"templates\/contact-layout1.php","meta":{"cybocfi_hide_featured_image":"","footnotes":""},"class_list":["post-105","page","type-page","status-publish","hentry"],"yoast_head":"<!-- This site is optimized with the Yoast SEO plugin v25.3.1 - https:\/\/yoast.com\/wordpress\/plugins\/seo\/ -->\n<title>Contact Us - Chicago Hardwood Floor Sanding Service - Sanding Wood Floor<\/title>\n<meta name=\"description\" content=\"Get a Free Consultation about sanding the floors and floor installation. Contact us for a Free Quote. We are Sanding Wood Floor in Chicago North and West Suburbs.\" \/>\n<meta name=\"robots\" content=\"index, follow, max-snippet:-1, max-image-preview:large, max-video-preview:-1\" \/>\n<link rel=\"canonical\" href=\"https:\/\/sandingwoodfloor.com\/pl\/contact\/\" \/>\n<meta property=\"og:locale\" content=\"pl_PL\" \/>\n<meta property=\"og:type\" content=\"article\" \/>\n<meta property=\"og:title\" content=\"Contact Us - Chicago Hardwood Floor Sanding Service - Sanding Wood Floor\" \/>\n<meta property=\"og:description\" content=\"Get a Free Consultation about sanding the floors and floor installation. Contact us for a Free Quote. We are Sanding Wood Floor in Chicago North and West Suburbs.\" \/>\n<meta property=\"og:url\" content=\"https:\/\/sandingwoodfloor.com\/pl\/contact\/\" \/>\n<meta property=\"og:site_name\" content=\"Chicago Hardwood Floor Sanding Service - Sanding Wood Floor\" \/>\n<meta property=\"article:publisher\" content=\"https:\/\/www.facebook.com\/sandingwoodfloorchi\" \/>\n<meta property=\"article:modified_time\" content=\"2022-01-03T22:13:24+00:00\" \/>\n<meta name=\"twitter:card\" content=\"summary_large_image\" \/>\n<meta name=\"twitter:site\" content=\"@sandingchicago\" \/>\n<meta name=\"twitter:label1\" content=\"Szacowany czas czytania\" \/>\n\t<meta name=\"twitter:data1\" content=\"1 minuta\" \/>\n<script type=\"application\/ld+json\" class=\"yoast-schema-graph\">{\"@context\":\"https:\/\/schema.org\",\"@graph\":[{\"@type\":\"WebPage\",\"@id\":\"https:\/\/sandingwoodfloor.com\/contact\/\",\"url\":\"https:\/\/sandingwoodfloor.com\/contact\/\",\"name\":\"Contact Us - Chicago Hardwood Floor Sanding Service - Sanding Wood Floor\",\"isPartOf\":{\"@id\":\"https:\/\/sandingwoodfloor.com\/#website\"},\"datePublished\":\"2021-06-24T14:51:48+00:00\",\"dateModified\":\"2022-01-03T22:13:24+00:00\",\"description\":\"Get a Free Consultation about sanding the floors and floor installation. Contact us for a Free Quote. We are Sanding Wood Floor in Chicago North and West Suburbs.\",\"breadcrumb\":{\"@id\":\"https:\/\/sandingwoodfloor.com\/contact\/#breadcrumb\"},\"inLanguage\":\"pl-PL\",\"potentialAction\":[{\"@type\":\"ReadAction\",\"target\":[\"https:\/\/sandingwoodfloor.com\/contact\/\"]}]},{\"@type\":\"BreadcrumbList\",\"@id\":\"https:\/\/sandingwoodfloor.com\/contact\/#breadcrumb\",\"itemListElement\":[{\"@type\":\"ListItem\",\"position\":1,\"name\":\"Home\",\"item\":\"https:\/\/sandingwoodfloor.com\/\"},{\"@type\":\"ListItem\",\"position\":2,\"name\":\"Contact Us\"}]},{\"@type\":\"WebSite\",\"@id\":\"https:\/\/sandingwoodfloor.com\/#website\",\"url\":\"https:\/\/sandingwoodfloor.com\/\",\"name\":\"Northbrook Hardwood Floor Sanding - Sanding Wood Floor\",\"description\":\"Refinish hardwood floors and stairs Fast. Great Hardwood Floor Sanding Service near you. Satisfaction Guaranteed! Located in Northbrook Area\",\"publisher\":{\"@id\":\"https:\/\/sandingwoodfloor.com\/#organization\"},\"potentialAction\":[{\"@type\":\"SearchAction\",\"target\":{\"@type\":\"EntryPoint\",\"urlTemplate\":\"https:\/\/sandingwoodfloor.com\/?s={search_term_string}\"},\"query-input\":{\"@type\":\"PropertyValueSpecification\",\"valueRequired\":true,\"valueName\":\"search_term_string\"}}],\"inLanguage\":\"pl-PL\"},{\"@type\":\"Organization\",\"@id\":\"https:\/\/sandingwoodfloor.com\/#organization\",\"name\":\"Northbrook Hardwood Floor Sanding - Sanding Wood Floor\",\"url\":\"https:\/\/sandingwoodfloor.com\/\",\"logo\":{\"@type\":\"ImageObject\",\"inLanguage\":\"pl-PL\",\"@id\":\"https:\/\/sandingwoodfloor.com\/#\/schema\/logo\/image\/\",\"url\":\"https:\/\/sandingwoodfloor.com\/wp-content\/uploads\/2022\/02\/Sanding__454___110_px_-removebg-preview.png\",\"contentUrl\":\"https:\/\/sandingwoodfloor.com\/wp-content\/uploads\/2022\/02\/Sanding__454___110_px_-removebg-preview.png\",\"width\":454,\"height\":110,\"caption\":\"Northbrook Hardwood Floor Sanding - Sanding Wood Floor\"},\"image\":{\"@id\":\"https:\/\/sandingwoodfloor.com\/#\/schema\/logo\/image\/\"},\"sameAs\":[\"https:\/\/www.facebook.com\/sandingwoodfloorchi\",\"https:\/\/x.com\/sandingchicago\",\"https:\/\/www.instagram.com\/sandingwoodfloor\/\"]}]}<\/script>\n<!-- \/ Yoast SEO plugin. -->","yoast_head_json":{"title":"Contact Us - Chicago Hardwood Floor Sanding Service - Sanding Wood Floor","description":"Get a Free Consultation about sanding the floors and floor installation. Contact us for a Free Quote. We are Sanding Wood Floor in Chicago North and West Suburbs.","robots":{"index":"index","follow":"follow","max-snippet":"max-snippet:-1","max-image-preview":"max-image-preview:large","max-video-preview":"max-video-preview:-1"},"canonical":"https:\/\/sandingwoodfloor.com\/pl\/contact\/","og_locale":"pl_PL","og_type":"article","og_title":"Contact Us - Chicago Hardwood Floor Sanding Service - Sanding Wood Floor","og_description":"Get a Free Consultation about sanding the floors and floor installation. Contact us for a Free Quote. We are Sanding Wood Floor in Chicago North and West Suburbs.","og_url":"https:\/\/sandingwoodfloor.com\/pl\/contact\/","og_site_name":"Chicago Hardwood Floor Sanding Service - Sanding Wood Floor","article_publisher":"https:\/\/www.facebook.com\/sandingwoodfloorchi","article_modified_time":"2022-01-03T22:13:24+00:00","twitter_card":"summary_large_image","twitter_site":"@sandingchicago","twitter_misc":{"Szacowany czas czytania":"1 minuta"},"schema":{"@context":"https:\/\/schema.org","@graph":[{"@type":"WebPage","@id":"https:\/\/sandingwoodfloor.com\/contact\/","url":"https:\/\/sandingwoodfloor.com\/contact\/","name":"Contact Us - Chicago Hardwood Floor Sanding Service - Sanding Wood Floor","isPartOf":{"@id":"https:\/\/sandingwoodfloor.com\/#website"},"datePublished":"2021-06-24T14:51:48+00:00","dateModified":"2022-01-03T22:13:24+00:00","description":"Get a Free Consultation about sanding the floors and floor installation. Contact us for a Free Quote. We are Sanding Wood Floor in Chicago North and West Suburbs.","breadcrumb":{"@id":"https:\/\/sandingwoodfloor.com\/contact\/#breadcrumb"},"inLanguage":"pl-PL","potentialAction":[{"@type":"ReadAction","target":["https:\/\/sandingwoodfloor.com\/contact\/"]}]},{"@type":"BreadcrumbList","@id":"https:\/\/sandingwoodfloor.com\/contact\/#breadcrumb","itemListElement":[{"@type":"ListItem","position":1,"name":"Home","item":"https:\/\/sandingwoodfloor.com\/"},{"@type":"ListItem","position":2,"name":"Contact Us"}]},{"@type":"WebSite","@id":"https:\/\/sandingwoodfloor.com\/#website","url":"https:\/\/sandingwoodfloor.com\/","name":"Northbrook Hardwood Floor Sanding - Sanding Wood Floor","description":"Refinish hardwood floors and stairs Fast. Great Hardwood Floor Sanding Service near you. Satisfaction Guaranteed! Located in Northbrook Area","publisher":{"@id":"https:\/\/sandingwoodfloor.com\/#organization"},"potentialAction":[{"@type":"SearchAction","target":{"@type":"EntryPoint","urlTemplate":"https:\/\/sandingwoodfloor.com\/?s={search_term_string}"},"query-input":{"@type":"PropertyValueSpecification","valueRequired":true,"valueName":"search_term_string"}}],"inLanguage":"pl-PL"},{"@type":"Organization","@id":"https:\/\/sandingwoodfloor.com\/#organization","name":"Northbrook Hardwood Floor Sanding - Sanding Wood Floor","url":"https:\/\/sandingwoodfloor.com\/","logo":{"@type":"ImageObject","inLanguage":"pl-PL","@id":"https:\/\/sandingwoodfloor.com\/#\/schema\/logo\/image\/","url":"https:\/\/sandingwoodfloor.com\/wp-content\/uploads\/2022\/02\/Sanding__454___110_px_-removebg-preview.png","contentUrl":"https:\/\/sandingwoodfloor.com\/wp-content\/uploads\/2022\/02\/Sanding__454___110_px_-removebg-preview.png","width":454,"height":110,"caption":"Northbrook Hardwood Floor Sanding - Sanding Wood Floor"},"image":{"@id":"https:\/\/sandingwoodfloor.com\/#\/schema\/logo\/image\/"},"sameAs":["https:\/\/www.facebook.com\/sandingwoodfloorchi","https:\/\/x.com\/sandingchicago","https:\/\/www.instagram.com\/sandingwoodfloor\/"]}]}},"_links":{"self":[{"href":"https:\/\/sandingwoodfloor.com\/pl\/wp-json\/wp\/v2\/pages\/105","targetHints":{"allow":["GET"]}}],"collection":[{"href":"https:\/\/sandingwoodfloor.com\/pl\/wp-json\/wp\/v2\/pages"}],"about":[{"href":"https:\/\/sandingwoodfloor.com\/pl\/wp-json\/wp\/v2\/types\/page"}],"author":[{"embeddable":true,"href":"https:\/\/sandingwoodfloor.com\/pl\/wp-json\/wp\/v2\/users\/2"}],"replies":[{"embeddable":true,"href":"https:\/\/sandingwoodfloor.com\/pl\/wp-json\/wp\/v2\/comments?post=105"}],"version-history":[{"count":1,"href":"https:\/\/sandingwoodfloor.com\/pl\/wp-json\/wp\/v2\/pages\/105\/revisions"}],"predecessor-version":[{"id":1937,"href":"https:\/\/sandingwoodfloor.com\/pl\/wp-json\/wp\/v2\/pages\/105\/revisions\/1937"}],"wp:attachment":[{"href":"https:\/\/sandingwoodfloor.com\/pl\/wp-json\/wp\/v2\/media?parent=105"}],"curies":[{"name":"wp","href":"https:\/\/api.w.org\/{rel}","templated":true}]}}